{"id":357,"date":"2018-11-21T16:50:11","date_gmt":"2018-11-21T22:50:11","guid":{"rendered":"https:\/\/www.institutolapaz.edu.mx\/?page_id=357"},"modified":"2020-04-18T10:19:30","modified_gmt":"2020-04-18T16:19:30","slug":"aviso-de-privacidad","status":"publish","type":"page","link":"https:\/\/www.institutolapaz.edu.mx\/ing\/aviso-de-privacidad\/","title":{"rendered":"Aviso de privacidad"},"content":{"rendered":"<p>[et_pb_section fb_built=&#8221;1&#8243; _builder_version=&#8221;3.22&#8243; background_color=&#8221;#e02b20&#8243; custom_padding=&#8221;15px|0px|6px|0px|false|false&#8221;][et_pb_row _builder_version=&#8221;3.25&#8243;][et_pb_column type=&#8221;4_4&#8243; _builder_version=&#8221;3.25&#8243; custom_padding=&#8221;|||&#8221; custom_padding__hover=&#8221;|||&#8221;][et_pb_text _builder_version=&#8221;3.18.2&#8243;]<\/p>\n<h1><span style=\"color: #ffffff;\"><strong>AVISO DE PRIVACIDAD\u00a0<\/strong><\/span><\/h1>\n<p>[\/et_pb_text][\/et_pb_column][\/et_pb_row][\/et_pb_section][et_pb_section fb_built=&#8221;1&#8243; _builder_version=&#8221;3.22&#8243; custom_padding=&#8221;0|0px|54px|0px|false|false&#8221;][et_pb_row module_class=&#8221; et_pb_row_fullwidth&#8221; _builder_version=&#8221;3.25&#8243; background_size=&#8221;initial&#8221; background_position=&#8221;top_left&#8221; background_repeat=&#8221;repeat&#8221; width=&#8221;89%&#8221; width_tablet=&#8221;80%&#8221; width_last_edited=&#8221;on|desktop&#8221; max_width=&#8221;89%&#8221; max_width_tablet=&#8221;80%&#8221; max_width_last_edited=&#8221;on|desktop&#8221; make_fullwidth=&#8221;on&#8221;][et_pb_column type=&#8221;4_4&#8243; _builder_version=&#8221;3.25&#8243; custom_padding=&#8221;|||&#8221; custom_padding__hover=&#8221;|||&#8221;][et_pb_text _builder_version=&#8221;3.14&#8243;]<\/p>\n<p style=\"text-align: justify;\"><strong><\/strong><\/p>\n<p style=\"text-align: justify;\"><strong>En cumplimiento con la Ley Federal de Protecci\u00f3n de Datos Personales en Posesi\u00f3n de los Particulares (\u201cLa Ley\u201d) y su Reglamento y con el fin de asegurar la protecci\u00f3n y privacidad de los datos personales, as\u00ed como regular los derechos ARCO (Acceso, Rectificaci\u00f3n, Cancelaci\u00f3n y Oposici\u00f3n del manejo de los datos personales) con fundamento en los Art\u00edculos 1\u00b0 y 2\u00b0 de la misma Ley, CENTRO ESCOLAR INSTITUTO LA PAZ, A.C. (de aqu\u00ed en adelante \u201cINSTITUTO LA PAZ\u201d), es el Responsable de los datos personales y establece el siguiente:<\/strong><\/p>\n<p style=\"text-align: justify;\"><strong>Aviso de Privacidad para Padres de Familia<\/strong><\/p>\n<ol style=\"text-align: justify;\">\n<li><strong>IDENTIDAD Y DOMICILIO DEL RESPONSABLE:<\/strong><\/li>\n<\/ol>\n<p style=\"text-align: justify;\"><strong>INSTITUTO LA PAZ<\/strong>, ubicado en la calle de Plan de San Luis 445, Col. Nueva Santa Mar\u00eda, C.P. 02800, Delegaci\u00f3n Azcapotzalco, M\u00e9xico D.F. con p\u00e1gina web\u00a0<u><a href=\"http:\/\/www.institutolapaz.edu.mx\/\">http:\/\/www.institutolapaz.edu.mx\/<\/a><\/u>; es el responsable del tratamiento y resguardo de los Datos Personales y Personales Sensibles del \u201cTitular\u201d (Persona f\u00edsica, a quien le corresponden los datos personales), en este Aviso se referir\u00e1n a los clientes (Padres de Familia o Tutores y a los menores de edad inscritos) de\u00a0<strong>INSTITUTO LA PAZ.<\/strong><\/p>\n<ol style=\"text-align: justify;\" start=\"2\">\n<li><strong>OBJETO:<\/strong><\/li>\n<\/ol>\n<p style=\"text-align: justify;\">Esta pol\u00edtica de privacidad tiene como objeto delimitar los alcances y condiciones generales del tratamiento de los datos personales del Titular asegurando la privacidad de los mismos, que confiere al Responsable para los fines descritos en el Apartado 4 de este Aviso.<\/p>\n<p style=\"text-align: justify;\"><strong>INSTITUTO LA PAZ<\/strong>\u00a0observa los principios de licitud, finalidad, proporcionalidad, confidencialidad, consentimiento, informaci\u00f3n, calidad, lealtad y responsabilidad para la protecci\u00f3n de los datos personales y personales sensibles.<\/p>\n<ol style=\"text-align: justify;\" start=\"2\">\n<li><strong>DATOS PERSONALES QUE OBTIENE EL RESPONSABLE:<\/strong><\/li>\n<\/ol>\n<p style=\"text-align: justify;\"><strong>INSTITUTO LA PAZ<\/strong>\u00a0obtendr\u00e1 los Datos Personales y Personales Sensibles del Titular, de forma indirecta a trav\u00e9s de la informaci\u00f3n que reciba por medios digitales como el correo electr\u00f3nico y de forma directa a trav\u00e9s de la entrega f\u00edsica de documentos tales como: Formato de solicitud de informes, C\u00e9dula de Inscripci\u00f3n, actas de nacimiento, comprobantes de estudio, certificados m\u00e9dicos, estudios psicol\u00f3gicos, estudios socioecon\u00f3micos, comprobantes de domicilio, entrega de copia del Registro Federal de Contribuyentes (R.F.C.), copia de la C\u00e9dula \u00danica de Registro de Poblaci\u00f3n (C.U.R.P.).<\/p>\n<p style=\"text-align: justify;\">Los Datos Personales en estas pol\u00edticas se refieren a cualquier informaci\u00f3n concerniente a una persona f\u00edsica identificada o identificable, incluyendo sin limitar el nombre y apellidos del menor y del padre y la madre de familia o tutores, fecha de nacimiento del menor, domicilio de casa y oficina, tel\u00e9fono de casa, oficina y celular, estado civil del padre y la madre de familia o tutores, correo electr\u00f3nico, nacionalidad del padre y la madre de familia o tutores, as\u00ed como del menor, ocupaci\u00f3n del padre, de la madre o tutores, nombre de la empresa en la que trabajan y el puesto que desempe\u00f1an los padres de familia o tutores.<\/p>\n<p style=\"text-align: justify;\">Mientras que los\u00a0<strong>Datos Personales Sensibles\u00a0<\/strong>se refieren a aquellos datos que afecten a la esfera m\u00e1s \u00edntima de su titular, o cuya utilizaci\u00f3n indebida pueda dar origen a discriminaci\u00f3n o conlleve a un riesgo grave para este. En particular solamente se recabar\u00e1n aquellos que puedan revelar aspectos como origen racial o \u00e9tnico, estado de salud del menor de edad, creencias religiosas, ingresos econ\u00f3micos del padre y la madre de familia o los tutores, problem\u00e1tica familiar y estudios psicol\u00f3gicos.<\/p>\n<ol style=\"text-align: justify;\" start=\"4\">\n<li><strong>FINALIDADES:<\/strong><\/li>\n<\/ol>\n<p style=\"text-align: justify;\"><strong>INSTITUTO LA PAZ<\/strong>\u00a0le informa que los\u00a0<strong>Datos Personales y Personales Sensibles\u00a0<\/strong>que recaba del\u00a0<strong>Titular<\/strong>, mismos que se encuentran descritos en el Apartado 5, ser\u00e1n utilizados para las siguientes finalidades esenciales, que se relacionan con los servicios que brindamos:<\/p>\n<ol style=\"text-align: justify;\">\n<li>Servicios educativos,<\/li>\n<li>Servicios culturales,<\/li>\n<li>Servicios recreativos,<\/li>\n<li>Orientaci\u00f3n y apoyo psicol\u00f3gico,<\/li>\n<li>Venta de art\u00edculos did\u00e1cticos.<\/li>\n<\/ol>\n<p style=\"text-align: justify;\">De manera accesoria, utilizaremos su\u00a0<strong>Datos Personales y\/o Personales Sensibles,\u00a0<\/strong>seg\u00fan sea el caso, para las siguientes finalidades:<\/p>\n<ol style=\"text-align: justify;\">\n<li>Presentar informes a las autoridades administrativas, como son la Secretar\u00eda de Educaci\u00f3n P\u00fablica, la Secretar\u00eda de Salud, la Secretar\u00eda de Medio Ambiente y la Procuradur\u00eda General de Justicia del Distrito Federal.<\/li>\n<li>Presentar informes a las autoridades fiscales como es el Servicio de Administraci\u00f3n Tributaria (SAT) de la Secretar\u00eda de Hacienda y Cr\u00e9dito P\u00fablico.<\/li>\n<li>Presentar informes a las autoridades judiciales, \u00fanicamente en caso de que sea requerida por juez competente.<\/li>\n<li>Presentar informes con fines estad\u00edsticos.<\/li>\n<li>Enviar publicidad acerca de los servicios que brindamos.<\/li>\n<\/ol>\n<p style=\"text-align: justify;\">En caso de que el Titular\u00a0<strong>NO<\/strong>\u00a0quiera recibir informaci\u00f3n publicitaria\u00a0a trav\u00e9s de tel\u00e9fono fijo, celular, correo electr\u00f3nico o publicidad impresa directamente en su domicilio por medio de correo postal, deber\u00e1 notificarlo al correo electr\u00f3nico que se indica en el numeral 6 del presente aviso de privacidad e inscribirse en el Registro P\u00fablico para Evitar Publicidad de la Procuradur\u00eda Federal del Consumidor (PROFECO), para evitar el env\u00edo de publicidad.<\/p>\n<p style=\"text-align: justify;\">El Titular acepta que el\u00a0<strong>INSTITUTO LA PAZ<\/strong>\u00a0utilice estos Datos Personales y Personales Sensibles para fines estad\u00edsticos, ya sean cualitativos o cuantitativos, para realizar investigaciones de mercado y otras actividades relacionadas.<\/p>\n<p style=\"text-align: justify;\">El Titular est\u00e1 enterado, que el\u00a0<strong>INSTITUTO LA PAZ<\/strong>\u00a0utiliza los Datos Personales y Personales Sensibles para los fines previamente mencionados, por cualquier medio anal\u00f3gico o digital conocido o por conocer.<\/p>\n<ol style=\"text-align: justify;\" start=\"5\">\n<li><strong>OBTENCI\u00d3N DE DATOS:<\/strong><\/li>\n<\/ol>\n<p style=\"text-align: justify;\">De acuerdo al art\u00edculo 8\u00b0 de la Ley,\u00a0<strong>INSTITUTO LA PAZ<\/strong>\u00a0observan los principios de licitud, finalidad, proporcionalidad, confidencialidad, consentimiento, informaci\u00f3n, calidad, lealtad y responsabilidad en la protecci\u00f3n de sus Datos Personales y Personales Sensibles. Por esta raz\u00f3n,\u00a0<strong>INSTITUTO LA PAZ<\/strong>\u00a0\u00fanicamente recopila los datos antes mencionados de forma Expresa (Cuando la voluntad del titular se manifieste verbalmente, por escrito, por medios electr\u00f3nicos, \u00f3pticos o cualquier otra tecnolog\u00eda o por signos inequ\u00edvocos), o en forma T\u00e1cita (Cuando habi\u00e9ndose puesto a su disposici\u00f3n el Aviso de Privacidad por cualquiera de los medios antes mencionados), el Titular no manifieste su oposici\u00f3n.<\/p>\n<ol style=\"text-align: justify;\" start=\"6\">\n<li><strong>LIMITACI\u00d3N DE USO Y DIVULGACI\u00d3N Y PLAZO PARA EL ALMACENAMIENTO DE SUS DATOS PERSONALES:<\/strong><\/li>\n<\/ol>\n<p style=\"text-align: justify;\">El tratamiento de los Datos Personales y Personales Sensibles ser\u00e1 el que resulte necesario, adecuado, relevante y conveniente en relaci\u00f3n con las finalidades previstas en el numeral 4 de este Aviso de Privacidad.<br \/> <strong>INSTITUTO LA PAZ<\/strong>\u00a0tiene adoptadas las medidas suficientes y necesarias para hacer respetar este Aviso de Privacidad, por si mismo o por terceras personas con las que guarde alguna relaci\u00f3n contractual y mantendr\u00e1 la confidencialidad de los Datos Personales y Personales Sensibles obtenidos del El Titular.<br \/> Cuando\u00a0<strong>INSTITUTO LA PAZ<\/strong>\u00a0recaba los Datos Personales y Personales Sensibles, \u00e9stos son depositados en expedientes anal\u00f3gicos, que son de acceso controlado mediante el uso de cerraduras y posteriormente, \u00e9stos son almacenados en archivos digitales dentro de una base de datos a la cual se puede accesar a trav\u00e9s del uso de claves digitales de seguridad, por lo que dicha informaci\u00f3n est\u00e1 resguardada bajo estrictas medidas de seguridad.<\/p>\n<p style=\"text-align: justify;\"><strong>INSTITUTO LA PAZ<\/strong>\u00a0conservar\u00e1 sus Datos Personales y Personales Sensibles, en los t\u00e9rminos antes mencionados por el per\u00edodo que dure la relaci\u00f3n contractual de prestaci\u00f3n de servicios con el Titular y durante 5 (cinco) a\u00f1os despu\u00e9s de terminada dicha relaci\u00f3n.<\/p>\n<ol style=\"text-align: justify;\" start=\"6\">\n<li><strong>EJERCICIO DE LOS DERECHOS DE ACCESO, RECTIFICACI\u00d3N, CANCELACI\u00d3N Y OPOSICI\u00d3N (ARCO):<\/strong><\/li>\n<\/ol>\n<p style=\"text-align: justify;\">Cualquier Titular puede ejercer sus derechos ARCO e INSTITUTO LA PAZ le proveer\u00e1 gratuitamente, los medios necesarios para hacerlos valer, a trav\u00e9s de un escrito o correo electr\u00f3nico, pac\u00edfico y respetuoso dirigido al Sr. Daniel Alejandro Le\u00f3n Flores y\/o a la Lic. Norma Plata Gonz\u00e1lez, quienes son los encargados de velar por la protecci\u00f3n de los Datos Personales y Personales Sensibles del Titular, \u00e9ste \u00faltimo podr\u00e1 enviar dicho escrito a la siguiente direcci\u00f3n de correo electr\u00f3nico\u00a0<a href=\"mailto:informatica@ilp.edu.mx\">informatica@ilp.edu.mx<\/a>,\u00a0<u><a href=\"mailto:sistemas@ilp.edu.mx\">sistemas@ilp.edu.mx<\/a><\/u>\u00a0y\/o entregado de forma directa en el domicilio de\u00a0<strong>INSTITUTO LA PAZ<\/strong>\u00a0(se\u00f1alado en el Apartado 1 de este Aviso de Privacidad), en un horario de Lunes a Viernes de 7:30 AM -5:00 PM o v\u00eda telef\u00f3nica al siguiente n\u00famero: 5556 6646 Ext. 227.<br \/> La solicitud que realice el Titular, ya sea escrita y\/o electr\u00f3nica, para ejercitar cualquiera de los derechos ARCO, deber\u00e1 cumplir los requisitos contemplados en el art\u00edculo 29 de la Ley:<\/p>\n<ol style=\"text-align: justify;\">\n<li>El nombre del Titular y domicilio u otro medio para comunicarle la respuesta a su solicitud,<\/li>\n<li>Los documentos que acrediten la identidad o, en su caso, la representaci\u00f3n legal del Titular,<\/li>\n<\/ol>\n<ul style=\"text-align: justify;\">\n<li>La descripci\u00f3n clara y precisa de los datos personales respecto de los que se busca ejercer alguno de los derechos antes mencionados, y<\/li>\n<\/ul>\n<ol style=\"text-align: justify;\">\n<li>Cualquier otro elemento o documento que facilite la localizaci\u00f3n de los Datos Personales.<\/li>\n<li>Para el caso de las solicitudes de rectificaci\u00f3n el Titular deber\u00e1 indicar las modificaciones a realizarse y aportar la documentaci\u00f3n que sustente su petici\u00f3n,<\/li>\n<\/ol>\n<p style=\"text-align: justify;\"><strong>INSTITUTO LA PAZ<\/strong>\u00a0comunicar\u00e1 al Titular en 20 d\u00edas, contados desde la fecha en que recibi\u00f3 la solicitud, la determinaci\u00f3n adoptada con respecto al ejercicio de cualquiera de los derechos ARCO por parte del Titular, de la misma forma en que \u00e9ste \u00faltimo hizo llegar su petici\u00f3n a\u00a0<strong>INSTITUTO LA PAZ<\/strong>.<br \/> El Titular tendr\u00e1 la obligaci\u00f3n de actualizar sus Datos Personales, con el fin de evitar alg\u00fan conflicto en el tratamiento de sus datos en el futuro.<br \/> <strong>INSTITUTO LA PAZ<\/strong>\u00a0podr\u00e1 negar el acceso a los derechos ARCO, en los siguientes supuestos con fundamento en el Art\u00edculo 34 de la Ley:<\/p>\n<ol style=\"text-align: justify;\">\n<li>Cuando el solicitante no sea el titular de los datos personales, o el representante legal no est\u00e9 debidamente acreditado para ello;<\/li>\n<li>Cuando en su base de datos no se encuentren los datos personales del solicitante;<\/li>\n<\/ol>\n<ul style=\"text-align: justify;\">\n<li>Cuando se lesionen los derechos de un tercero;<\/li>\n<\/ul>\n<ol style=\"text-align: justify;\">\n<li>Cuando exista un impedimento legal, o la resoluci\u00f3n de una autoridad competente que restrinja el acceso a los datos personales o que no permita la rectificaci\u00f3n, cancelaci\u00f3n u oposici\u00f3n de los mismos;<\/li>\n<li>Cuando la rectificaci\u00f3n, cancelaci\u00f3n u oposici\u00f3n haya sido previamente realizada.<\/li>\n<\/ol>\n<p style=\"text-align: justify;\">De acuerdo al art\u00edculo 26 de la Ley,\u00a0<strong>INSTITUTO LA PAZ<\/strong>\u00a0limitar\u00e1 el uso de los datos personales a petici\u00f3n expresa del Titular, y no estar\u00e1 obligada a cancelar los Datos Personales y Personales Sensibles cuando:<\/p>\n<ol style=\"text-align: justify;\">\n<li>Se refiera a las partes de un contrato privado, social o administrativo, y sean necesarios para su desarrollo y cumplimiento;<\/li>\n<li>Deban ser tratados por disposici\u00f3n legal;<\/li>\n<\/ol>\n<ul style=\"text-align: justify;\">\n<li>Obstaculice actuaciones judiciales o administrativas vinculadas a obligaciones fiscales; la investigaci\u00f3n y persecuci\u00f3n de delitos, o la actualizaci\u00f3n de sanciones administrativas;<\/li>\n<\/ul>\n<ol style=\"text-align: justify;\">\n<li>Sean necesarios para proteger los intereses jur\u00eddicamente tutelados del titular;<\/li>\n<li>Sean necesarios para realizar una acci\u00f3n en funci\u00f3n del inter\u00e9s p\u00fablico;<\/li>\n<li>Sean necesarios para cumplir con una obligaci\u00f3n legalmente adquirida por el titular, o<\/li>\n<\/ol>\n<ul style=\"text-align: justify;\">\n<li>Sean objeto de tratamiento para la prevenci\u00f3n o el diagn\u00f3stico m\u00e9dico o la gesti\u00f3n de servicios de salud; siempre que dicho tratamiento se realice por un profesional de la salud sujeto a un deber de secreto.<\/li>\n<\/ul>\n<ol style=\"text-align: justify;\" start=\"7\">\n<li><strong>TRANSFERENCIA:<\/strong><\/li>\n<\/ol>\n<p style=\"text-align: justify;\"><strong>INSTITUTO LA PAZ<\/strong> transfiere los datos personales y\/o personales sensibles del Titular a las siguientes dependencias p\u00fablicas gubernamentales: Tribunal Superior de Justicia (solamente a solicitud expresa del juez competente), Secretar\u00eda de Hacienda y Cr\u00e9dito P\u00fablico, Secretar\u00eda de Educaci\u00f3n P\u00fablica, Secretar\u00eda de Salud, Secretar\u00eda de Medio Ambiente, Ministerio de Educaci\u00f3n Francesa para obtener la Certificaci\u00f3n de Franc\u00e9s DELF (Dipl\u00f4me d \u2018\u00c9tudes de la Langue Frn\u00e7aise), Embajada Francesa en M\u00e9xico. As\u00ed como a \u00a0\u00a0\u00a0entidades de car\u00e1cter privado, tales como: Algor\u00edtmica (Schola), GNP Seguros, Levicom, Gaia, BSeducatours, Trans Adventur, S.A. \u00a0\u00a0de C.V., Scotiabank Inverlat, Banamex, Asociaciones y\/o ligas deportivas y culturales, tales como: Asociaci\u00f3n de Basquetbol Colegial, Liga EducaSports, Liga Premier, Liga CEM (Confederaci\u00f3n Estudiantil Mexicana), Liga Flag Football M\u00e9xico, Liga Soccer Kids, Tochito NFL, ONP (Organizaci\u00f3n Nacional de Porristas), COP (Confederaci\u00f3n Ol\u00edmpica de Porristas), ANP (Asociaci\u00f3n Nacional de Porristas, S\u2019cool Games, Consejo Brit\u00e1nico, Houston Public Library, Tecnol\u00f3gico de Monterrey, Colegio Olinca, Colegio Atid, Creative Solutions (capacitaci\u00f3n y dise\u00f1o de programas), Cambrige University Press, International School to School Experience (ISSE), Bosque de los \u00c1rboles de Navidad, Six Flags, a diversas empresas editoriales y distribuidoras de libros como son: Cambrige, Pearson, Cle International, \u00a0Houghton Mifflin Harcourt, Reading Test, Scholastic, Libros de Murray, Grupo Edebe, Fondo de Cultura Econ\u00f3mica, Universo, Genios \u00a0\u00a0Kids, Disdelib, Difusion Cultural, Editorial Internacional Cometa, \u00a0Isabel Gamma, Librerias Gandhi (siempre y cuando el Titular solicite alg\u00fan servicio o compre alg\u00fan producto de los que ofrecen las instituciones),Varsity Spirit LLC, Walt Disney Parks Resort, Andrea Aranda Siliceo, e INTELLECTA FORMACI\u00d3N Y DESARROLLO SAS DE CV<\/p>\n<p style=\"text-align: justify;\">Si usted\u00a0<strong>NO<\/strong>\u00a0manifiesta su oposici\u00f3n para que sus Datos Personales y Personales Sensibles sean transferidos, se entender\u00e1 que ha otorgado su consentimiento para ello.<\/p>\n<p style=\"text-align: justify;\"><strong>INSTITUTO LA PAZ<\/strong>\u00a0no procesar\u00e1 ni pondr\u00e1 a disposici\u00f3n de terceros, distintos a los arriba citados, los Datos Personales y Personales Sensibles sin previo consentimiento expreso\u00a0del Titular, ya sea por cualquier forma anal\u00f3gica o digital conocida o por conocer. Salvo los casos en que expresamente\u00a0<strong>INSTITUTO LA PAZ<\/strong>\u00a0est\u00e9 obligado por la Ley de conformidad al art\u00edculo 37; as\u00ed como a realizar estas transferencias en los mismos t\u00e9rminos y condiciones que fija dicho ordenamiento legal, como es a la transferencia de Datos Personales y\/o Personales Sensibles del Titular a la Secretar\u00eda de Educaci\u00f3n P\u00fablica, al Tribunal Superior de Justicia, Procuradur\u00eda General de Justicia del Distrito Federal y al Servicio de Administraci\u00f3n Tributaria.<\/p>\n<ol style=\"text-align: justify;\" start=\"8\">\n<li><strong>ENV\u00cdO DE PUBLICIDAD:<\/strong><\/li>\n<\/ol>\n<p style=\"text-align: justify;\"><strong>INSTITUTO LA PAZ<\/strong>,\u00a0<strong>S\u00cd<\/strong>\u00a0env\u00eda publicidad al Titular de los servicios que brinda.<\/p>\n<p style=\"text-align: justify;\">El Titular debe de informar a\u00a0<strong>INSTITUTO LA PAZ<\/strong>\u00a0antes de dar su consentimiento para el trato de sus Datos Personales y Personales Sensibles, si est\u00e1 inscrito en el Registro P\u00fablico Para Evitar Publicidad de PROFECO, para evitar el env\u00edo de publicidad.<\/p>\n<ol style=\"text-align: justify;\" start=\"9\">\n<li><strong>PROTECCI\u00d3N DE LA INFORMACI\u00d3N PERSONAL:<\/strong><\/li>\n<\/ol>\n<p style=\"text-align: justify;\">Para la protecci\u00f3n de los Datos Personales y Personales Sensibles tambi\u00e9n se celebrar\u00e1n contratos de confidencialidad con las terceras personas que puedan tener acceso a dicha informaci\u00f3n.<\/p>\n<p style=\"text-align: justify;\"><strong>INSTITUTO LA PAZ<\/strong>\u00a0resguardar\u00e1 los Datos Personales y Personales Sensibles durante el tiempo que dure la relaci\u00f3n contractual y\/o comercial y cinco a\u00f1os despu\u00e9s de que esta haya terminado, a trav\u00e9s de un software que almacena y actualiza la informaci\u00f3n brindada.<\/p>\n<ol style=\"text-align: justify;\" start=\"10\">\n<li><strong>COOKIES o WEB BEACONS:<\/strong><\/li>\n<\/ol>\n<p style=\"text-align: justify;\">Le informamos que\u00a0<strong>INSTITUTO LA PAZ<\/strong>\u00a0no utiliza cookies, ni Web beacons, ni ning\u00fan otro software para obtener de forma no autorizada informaci\u00f3n Personal y Personal Sensible del Titular, a trav\u00e9s del uso de medios electr\u00f3nicos conocidos o por conocer.<\/p>\n<ol style=\"text-align: justify;\" start=\"11\">\n<li><strong>MODIFICACIONES AL AVISO DE PRIVACIDAD:<\/strong><\/li>\n<\/ol>\n<p style=\"text-align: justify;\"><strong>INSTITUTO LA PAZ<\/strong>\u00a0podr\u00e1 realizar cualquier modificaci\u00f3n o actualizaci\u00f3n de la informaci\u00f3n contenida en el presente Aviso de Privacidad, y lo har\u00e1 saber al Titular a trav\u00e9s de un comunicado por escrito o por correo electr\u00f3nico y a trav\u00e9s de la p\u00e1gina web, con la obligaci\u00f3n de atender a las novedades legislativas, nuevas pol\u00edticas internas o nuevos requerimientos.<\/p>\n<ol style=\"text-align: justify;\" start=\"12\">\n<li><strong>CONSENTIMIENTO:<\/strong><\/li>\n<\/ol>\n<p style=\"text-align: justify;\">El Titular tendr\u00e1 un plazo de\u00a0<strong>cinco (5)<\/strong>\u00a0d\u00edas para que manifieste su negativa para el tratamiento de sus Datos Personales y Personales Sensibles a partir de la fecha en que\u00a0<strong>INSTITUTO LA PAZ<\/strong>\u00a0le de a conocer el Aviso de privacidad, en caso de no oponerse, se entender\u00e1 que El Titular acepta la recopilaci\u00f3n, uso, transferencia y almacenamiento de sus Datos Personales y Personales Sensibles, lo que significa que ha le\u00eddo, entendido y aceptado los t\u00e9rminos y condiciones expuestos en el presente Aviso de Privacidad. Adem\u00e1s de consentir t\u00e1cita y expresamente el tratamiento de sus Datos Personales y Personales Sensibles, los cuales fueron puestos a disposici\u00f3n de\u00a0<strong>INSTITUTO LA PAZ<\/strong>\u00a0por su propia y deliberada voluntad y sin mediar coacci\u00f3n o presi\u00f3n alguna. Asimismo, el Titular acepta haber entendido en su totalidad los t\u00e9rminos del presente aviso de privacidad.<\/p>\n<p style=\"text-align: justify;\"><strong>Fecha de modificaci\u00f3n: 2 de Diciembre del 2013.<\/strong><\/p>\n<p style=\"text-align: justify;\"><strong>Fecha de modificaci\u00f3n: 3 de Diciembre del 2015.<\/strong><\/p>\n<p style=\"text-align: justify;\"><strong>Fecha de modificaci\u00f3n: 28 de Noviembre del 2016.<\/strong><\/p>\n<p style=\"text-align: justify;\"><strong style=\"font-size: 14px; text-align: left;\">Fecha de modificaci\u00f3n: 04 de Diciembre del 2017. <\/strong><\/p>\n<p style=\"text-align: justify;\"><strong style=\"font-size: 14px; text-align: left;\">Fecha de modificaci\u00f3n: 14 de Enero del 2019.<\/strong><\/p>\n<p><strong>Fecha de modificaci\u00f3n: 18 de Abril del 2020.<\/strong><\/p>\n<p>[\/et_pb_text][\/et_pb_column][\/et_pb_row][\/et_pb_section]<\/p>\n","protected":false},"excerpt":{"rendered":"<p>AVISO DE PRIVACIDAD\u00a0 En cumplimiento con la Ley Federal de Protecci\u00f3n de Datos Personales en Posesi\u00f3n de los Particulares (\u201cLa Ley\u201d) y su Reglamento y con el fin de asegurar la protecci\u00f3n y privacidad de los datos personales, as\u00ed como regular los derechos ARCO (Acceso, Rectificaci\u00f3n, Cancelaci\u00f3n y Oposici\u00f3n del manejo de los datos personales) [&hellip;]<\/p>\n","protected":false},"author":1,"featured_media":0,"parent":0,"menu_order":0,"comment_status":"closed","ping_status":"closed","template":"","meta":{"_et_pb_use_builder":"on","_et_pb_old_content":"","_et_gb_content_width":"","footnotes":""},"class_list":["post-357","page","type-page","status-publish","hentry"],"_links":{"self":[{"href":"https:\/\/www.institutolapaz.edu.mx\/ing\/wp-json\/wp\/v2\/pages\/357","targetHints":{"allow":["GET"]}}],"collection":[{"href":"https:\/\/www.institutolapaz.edu.mx\/ing\/wp-json\/wp\/v2\/pages"}],"about":[{"href":"https:\/\/www.institutolapaz.edu.mx\/ing\/wp-json\/wp\/v2\/types\/page"}],"author":[{"embeddable":true,"href":"https:\/\/www.institutolapaz.edu.mx\/ing\/wp-json\/wp\/v2\/users\/1"}],"replies":[{"embeddable":true,"href":"https:\/\/www.institutolapaz.edu.mx\/ing\/wp-json\/wp\/v2\/comments?post=357"}],"version-history":[{"count":9,"href":"https:\/\/www.institutolapaz.edu.mx\/ing\/wp-json\/wp\/v2\/pages\/357\/revisions"}],"predecessor-version":[{"id":1604,"href":"https:\/\/www.institutolapaz.edu.mx\/ing\/wp-json\/wp\/v2\/pages\/357\/revisions\/1604"}],"wp:attachment":[{"href":"https:\/\/www.institutolapaz.edu.mx\/ing\/wp-json\/wp\/v2\/media?parent=357"}],"curies":[{"name":"wp","href":"https:\/\/api.w.org\/{rel}","templated":true}]}}